{"id":11650,"date":"2022-12-21T11:41:15","date_gmt":"2022-12-21T10:41:15","guid":{"rendered":"https:\/\/biblioteca.umh.es\/?page_id=11650"},"modified":"2026-01-28T19:57:06","modified_gmt":"2026-01-28T18:57:06","slug":"busca-informacion","status":"publish","type":"page","link":"https:\/\/biblioteca.umh.es\/ca\/busca-informacion\/","title":{"rendered":"Busca Informaci\u00f3"},"content":{"rendered":"<p><\/p>\n<p style=\"text-align: justify\">La Biblioteca proporciona a la comunitat universit\u00e0ria acc\u00e9s a tots els recursos electr\u00f2nics subscrits: Bases de dades o portals, manuals, revistes i llibres electr\u00f2nics. Comptem amb dues formes d&#8217;acc\u00e9s, a trav\u00e9s del cercador <a href=\"https:\/\/dama.umh.es\/\" target=\"_blank\" rel=\"noopener\">DAMA<\/a>&nbsp;i des de les pr\u00f2pies <a href=\"https:\/\/biblioteca.umh.es\/ca\/?page_id=11228&amp;preview=true\" target=\"_blank\" rel=\"noopener\">plataformes d&#8217;editors<\/a>.&nbsp;<\/p>\n<p>La consulta i desc\u00e0rrega es realitzar\u00e0 de manera l\u00edcita, no podent-se realitzar desc\u00e0rregues massives dels recursos subscrits. Els usuaris d&#8217;este servici han de fer un \u00fas responsable i conforme a la <a href=\"https:\/\/www.boe.es\/buscar\/act.php?id=BOE-A-1996-8930\" target=\"_blank\" rel=\"noopener\">Llei de Propietat Intel\u00b7lectual&nbsp;<\/a>vigent i l&#8217;article 15 de la&nbsp;<a href=\"https:\/\/www.boe.es\/buscar\/act.php?id=BOE-A-2011-9617\" target=\"_blank\" rel=\"noopener\">Llei 14\/2011 de la Ci\u00e8ncia, la Tecnologia i la Innovaci\u00f3<\/a>.<\/p>\n<table class=\"tipo4\" style=\"margin-left: auto;margin-right: auto;width: 100%;border: hidden\" summary=\"piv\">\n<tbody>\n<tr>\n<td><a href=\"https:\/\/biblioteca.umh.es\/ca\/?page_id=9784&amp;preview=true\" target=\"_blank\" rel=\"noopener\"><img loading=\"lazy\" class=\"alignnone\" src=\"https:\/\/biblioteca.umh.es\/files\/2022\/12\/Connectat.png\" alt=\"\" width=\"638\" height=\"511\"><\/a><\/td>\n<td><a href=\"https:\/\/biblioteca.umh.es\/ca\/?page_id=10875&amp;preview=true\" target=\"_blank\" rel=\"noopener\"><img loading=\"lazy\" class=\"alignnone\" src=\"https:\/\/biblioteca.umh.es\/files\/2022\/12\/Accedeixper.png\" alt=\"\" width=\"638\" height=\"511\"><\/a><\/td>\n<td><a href=\"https:\/\/biblioteca.umh.es\/ca\/?page_id=11228&amp;preview=true\" target=\"_blank\" rel=\"noopener\"><img loading=\"lazy\" class=\"alignnone\" src=\"https:\/\/biblioteca.umh.es\/files\/2022\/12\/AccedeixPlataformes.png\" alt=\"\" width=\"638\" height=\"511\"><\/a><\/td>\n<td><a href=\"https:\/\/biblioteca.umh.es\/ca\/?page_id=9817&amp;preview=true\" target=\"_blank\" rel=\"noopener\"><img loading=\"lazy\" class=\"alignnone\" src=\"https:\/\/biblioteca.umh.es\/files\/2022\/03\/FAQS-Recursos_V.png\" alt=\"\" width=\"638\" height=\"511\"><\/a><\/td>\n<\/tr>\n<\/tbody>\n<\/table>\n<table class=\"tipo4\" style=\"margin-left: auto;margin-right: auto;width: 100%;border: hidden\" summary=\"piv\">\n<tbody>\n<tr>\n<td><a href=\"https:\/\/dama.umh.es\/discovery\/search?query=course_name,contains,INTRODUZCA%20AQU%C3%8D%20EL%20NOMBRE%20DE%20LA%20ASIGNATURA&amp;tab=CourseReserves&amp;search_scope=CourseReserves&amp;vid=34CVA_UMH:VU1&amp;lang=ca&amp;mode=advanced&amp;offset=0\" target=\"_blank\" rel=\"noopener\"><img loading=\"lazy\" class=\"alignnone wp-image-11659 size-full\" src=\"https:\/\/biblioteca.umh.es\/files\/2022\/12\/BiblioRec.png\" alt=\"\" width=\"638\" height=\"511\"><\/a><\/td>\n<td><a href=\"https:\/\/biblioteca.umh.es\/ca\/?page_id=12094&amp;preview=true\" target=\"_blank\" rel=\"noopener\"><img loading=\"lazy\" class=\"alignnone\" src=\"https:\/\/biblioteca.umh.es\/files\/2022\/12\/Guiesdus.png\" alt=\"\" width=\"638\" height=\"511\"><\/a><\/td>\n<td><a href=\"https:\/\/biblioteca.umh.es\/ca\/busca-informacion\/siguenos-en-las-redes-sociales\/\" target=\"_blank\" rel=\"noopener\"><img loading=\"lazy\" class=\"alignnone wp-image-14937 size-full\" src=\"https:\/\/biblioteca.umh.es\/files\/2024\/03\/Xarxes-Socials2.png\" alt=\"\" width=\"638\" height=\"511\" srcset=\"https:\/\/biblioteca.umh.es\/files\/2024\/03\/Xarxes-Socials2.png 638w, https:\/\/biblioteca.umh.es\/files\/2024\/03\/Xarxes-Socials2-300x240.png 300w\" sizes=\"(max-width: 638px) 100vw, 638px\" \/><\/a><\/td>\n<td><a href=\"https:\/\/biblioteca.umh.es\/ca\/busca-informacion\/acceso-desde-fuera-de-la-universidad-a-los-productos-electronicos\/\" target=\"_blank\" rel=\"noopener\"><img loading=\"lazy\" class=\"alignnone wp-image-17216 size-full\" src=\"https:\/\/biblioteca.umh.es\/files\/2026\/01\/Access-casa.png\" alt=\"\" width=\"638\" height=\"511\" srcset=\"https:\/\/biblioteca.umh.es\/files\/2026\/01\/Access-casa.png 638w, https:\/\/biblioteca.umh.es\/files\/2026\/01\/Access-casa-300x240.png 300w\" sizes=\"(max-width: 638px) 100vw, 638px\" \/><\/a><\/td>\n<\/tr>\n<\/tbody>\n<\/table>\n<p><\/p>","protected":false},"excerpt":{"rendered":"<p>La Biblioteca proporciona a la comunitat universit\u00e0ria acc\u00e9s a tots els recursos electr\u00f2nics subscrits: Bases de dades o portals, manuals, revistes i llibres electr\u00f2nics. Comptem amb dues formes d&#8217;acc\u00e9s, a trav\u00e9s del cercador DAMA&nbsp;i des de les pr\u00f2pies plataformes d&#8217;editors.&nbsp;<br \/>\nLa consulta i desc\u00e0rrega es realitzar\u00e0 de manera l\u00edcita, no podent-se realitzar desc\u00e0rregues massives dels recursos [&#8230;]<\/p>\n","protected":false},"author":6155,"featured_media":0,"parent":0,"menu_order":2,"comment_status":"closed","ping_status":"closed","template":"","meta":{"ngg_post_thumbnail":0,"_links_to":"","_links_to_target":""},"_links":{"self":[{"href":"https:\/\/biblioteca.umh.es\/ca\/wp-json\/wp\/v2\/pages\/11650"}],"collection":[{"href":"https:\/\/biblioteca.umh.es\/ca\/wp-json\/wp\/v2\/pages"}],"about":[{"href":"https:\/\/biblioteca.umh.es\/ca\/wp-json\/wp\/v2\/types\/page"}],"author":[{"embeddable":true,"href":"https:\/\/biblioteca.umh.es\/ca\/wp-json\/wp\/v2\/users\/6155"}],"replies":[{"embeddable":true,"href":"https:\/\/biblioteca.umh.es\/ca\/wp-json\/wp\/v2\/comments?post=11650"}],"version-history":[{"count":0,"href":"https:\/\/biblioteca.umh.es\/ca\/wp-json\/wp\/v2\/pages\/11650\/revisions"}],"wp:attachment":[{"href":"https:\/\/biblioteca.umh.es\/ca\/wp-json\/wp\/v2\/media?parent=11650"}],"curies":[{"name":"wp","href":"https:\/\/api.w.org\/{rel}","templated":true}]}}