{"id":11542,"date":"2023-01-18T16:19:53","date_gmt":"2023-01-18T15:19:53","guid":{"rendered":"https:\/\/biblioteca.umh.es\/?page_id=11542"},"modified":"2024-10-31T17:58:48","modified_gmt":"2024-10-31T16:58:48","slug":"repositorio-digital-rediumh","status":"publish","type":"page","link":"https:\/\/biblioteca.umh.es\/ca\/servicios\/repositorio-digital-rediumh\/","title":{"rendered":"Repositori digital RediUMH"},"content":{"rendered":"<p><\/p>\n<p style=\"text-align: justify\"><strong>RediUMH<\/strong> \u00e9s el dep\u00f2sit digital de documents de la Universitat Miguel Hern\u00e1ndez d&#8217;Elx, la finalitat de la qual \u00e9s recopilar, organitzar, difondre i preservar els documents digitals de car\u00e0cter cient\u00edfic, docent i institucional produ\u00efts per la nostra universitat.<\/p>\n<p style=\"text-align: justify\">En ell es depositen tesi, treballs fi de grau, objectes docents, articles i altres resultats de la investigaci\u00f3. D&#8217;aquesta manera, RediUMH dona acc\u00e9s a tota mena de materials digitals, tant preprints com papers i postprints, comunicacions a congressos, materials i objectes docents, revistes editades per la UMH i una altra documentaci\u00f3 institucional generada per aquesta.<\/p>\n<p style=\"text-align: justify\">Amb aix\u00f2 augmentem la visibilitat dels treballs produ\u00efts en la UMH, incrementant el seu impacte i assegurant la seua protecci\u00f3 contra plagis, aix\u00ed com la seua preservaci\u00f3. Gr\u00e0cies a la utilitzaci\u00f3 de protocols internacionals i del gestor dSpace, RediUMH est\u00e0 sent recol\u00b7lectat per eines com Recolecta, Google i altres similars.<\/p>\n<ul>\n<li><a href=\"http:\/\/dspace.umh.es\/\">Accedeix a RediUMH<\/a><\/li>\n<li><a href=\"http:\/\/dspace.umh.es\/handle\/11000\/537\">Tesis Doctorales <\/a><\/li>\n<li><a href=\"http:\/\/dspace.umh.es\/handle\/11000\/1142\">TFG (Treballs F\u00ed de Grau)<\/a><\/li>\n<li style=\"text-align: left\"><a href=\"http:\/\/dspace.umh.es\/handle\/11000\/1144\">TFM (Treballs F\u00ed de M\u00e0ster)<\/a><\/li>\n<li><a href=\"https:\/\/biblioteca.umh.es\/files\/2021\/10\/Como-buscar-en-RediUMH.pdf\">Bibliogu\u00eda: Com buscar en RediUMH<\/a><\/li>\n<li><a href=\"https:\/\/biblioteca.umh.es\/files\/2021\/10\/Gu%C3%ADa-autoarchivo-en-REDIUMH.pdf\">Bibliogu\u00eda: Autoarxiu en RediUMH<\/a><\/li>\n<li><a href=\"https:\/\/biblioteca.umh.es\/files\/2024\/09\/MODELO-DE-AUTORIZACION-PARA-EL-DEPOSITO-DE-TRABAJOS-ACADEMICOS-UMH.pdf\">Model d\u00b4autoritzaci\u00f3 per al dep\u00f2sit de treballs acad\u00e8mics (TFG-TFM)<\/a><\/li>\n<\/ul>\n<p>&nbsp;<\/p>\n<div style=\"width: 1920px;\" class=\"wp-video\"><video class=\"wp-video-shortcode\" id=\"video-11542-2\" width=\"1920\" height=\"1080\" poster=\"https:\/\/biblioteca.umh.es\/files\/2022\/10\/PortadaRediUMH.jpg\" preload=\"metadata\" controls=\"controls\"><source type=\"video\/mp4\" src=\"https:\/\/biblioteca.umh.es\/files\/2022\/10\/RediUMH-definitivo.mp4?_=2\" \/><a href=\"https:\/\/biblioteca.umh.es\/files\/2022\/10\/RediUMH-definitivo.mp4\">https:\/\/biblioteca.umh.es\/files\/2022\/10\/RediUMH-definitivo.mp4<\/a><\/video><\/div>\n<p>&nbsp;<\/p>\n<p style=\"text-align: justify\">Asesorament sobre acc\u00e9s obert, RediUMH i propietat intel\u00b7lectual: <a href=\"mailto:biblioteca.rediumh@umh.es\">biblioteca.rediumh@umh.es<\/a><\/p>\n<h2>Relacionats&#8230;<\/h2>\n<ul>\n<li><a href=\"http:\/\/repositories.webometrics.info\">Ranking Web of Repositories<\/a> (El &nbsp;millor directori\/r\u00e0nquing de repositoris en acc\u00e9s obert)<\/li>\n<\/ul>\n<p>&nbsp;<\/p>\n<p>&nbsp;<\/p>\n<p>&nbsp;<\/p>","protected":false},"excerpt":{"rendered":"<p>RediUMH \u00e9s el dep\u00f2sit digital de documents de la Universitat Miguel Hern\u00e1ndez d&#8217;Elx, la finalitat de la qual \u00e9s recopilar, organitzar, difondre i preservar els documents digitals de car\u00e0cter cient\u00edfic, docent i institucional produ\u00efts per la nostra universitat.<br \/>\nEn ell es depositen tesi, treballs fi de grau, objectes docents, articles i altres resultats de la investigaci\u00f3. [&#8230;]<\/p>\n","protected":false},"author":3644,"featured_media":0,"parent":11286,"menu_order":4,"comment_status":"closed","ping_status":"closed","template":"","meta":{"ngg_post_thumbnail":0,"_links_to":"","_links_to_target":""},"_links":{"self":[{"href":"https:\/\/biblioteca.umh.es\/ca\/wp-json\/wp\/v2\/pages\/11542"}],"collection":[{"href":"https:\/\/biblioteca.umh.es\/ca\/wp-json\/wp\/v2\/pages"}],"about":[{"href":"https:\/\/biblioteca.umh.es\/ca\/wp-json\/wp\/v2\/types\/page"}],"author":[{"embeddable":true,"href":"https:\/\/biblioteca.umh.es\/ca\/wp-json\/wp\/v2\/users\/3644"}],"replies":[{"embeddable":true,"href":"https:\/\/biblioteca.umh.es\/ca\/wp-json\/wp\/v2\/comments?post=11542"}],"version-history":[{"count":0,"href":"https:\/\/biblioteca.umh.es\/ca\/wp-json\/wp\/v2\/pages\/11542\/revisions"}],"up":[{"embeddable":true,"href":"https:\/\/biblioteca.umh.es\/ca\/wp-json\/wp\/v2\/pages\/11286"}],"wp:attachment":[{"href":"https:\/\/biblioteca.umh.es\/ca\/wp-json\/wp\/v2\/media?parent=11542"}],"curies":[{"name":"wp","href":"https:\/\/api.w.org\/{rel}","templated":true}]}}