{"id":11372,"date":"2022-07-28T13:07:49","date_gmt":"2022-07-28T11:07:49","guid":{"rendered":"https:\/\/biblioteca.umh.es\/?page_id=11372"},"modified":"2025-12-03T15:30:09","modified_gmt":"2025-12-03T14:30:09","slug":"ciencia-abierta","status":"publish","type":"page","link":"https:\/\/biblioteca.umh.es\/ca\/servicios-al-investigador\/ciencia-abierta\/","title":{"rendered":"Ci\u00e8ncia oberta"},"content":{"rendered":"<p><\/p>\n<ul>\n<li style=\"text-align: justify\"><a href=\"https:\/\/biblioteca.umh.es\/ca\/servicios-al-investigador\/acuerdos-transformativos\/\">Acords Transformatius<\/a><\/li>\n<li style=\"text-align: justify\"><a href=\"https:\/\/biblioteca.umh.es\/ca\/acceso-abierto\/\">Acc\u00e9s obert<\/a>\n<ul>\n<li><a href=\"https:\/\/biblioteca.umh.es\/ca\/semana-internacional-del-acceso-abierto-2024\/\" target=\"_blank\" rel=\"noopener\">Setmana Internacional de l&#8217;Acc\u00e9s Obert 2024&nbsp;<\/a> &nbsp;<\/li>\n<li><a href=\"https:\/\/biblioteca.umh.es\/ca\/servicios-al-investigador\/ciencia-abierta\/resuelve-tu-duda-sobre-acceso-abierto\/\">Resol el teu dubte sobre acc\u00e9s obert<\/a><\/li>\n<\/ul>\n<\/li>\n<li style=\"text-align: justify\"><strong>Eines per al desenvolupament de la investigaci\u00f3 cient\u00edfica:<\/strong>\n<ul>\n<li><a href=\"https:\/\/biblioteca.umh.es\/files\/2023\/02\/GESTION-DE-DATOS-DE-INVESTIGACION-actualizado.pdf\">Gu\u00eda de apoyo para la gesti\u00f3n y difusi\u00f3n de los datos de investigaci\u00f3n<\/a><\/li>\n<li><a href=\"https:\/\/biblioteca.umh.es\/files\/2023\/05\/Como-elaborar-un-plan-de-gestion-de-datos.pdf\">C\u00f3mo elaborar un Plan de Gesti\u00f3n de Datos (PGD)<\/a><\/li>\n<\/ul>\n<\/li>\n<li style=\"text-align: justify\"><a href=\"https:\/\/biblioteca.umh.es\/files\/2022\/11\/Difusion-acceso-abierto1.pdf\">Difusi\u00f3n en acceso abierto de los resultados de la investigaci\u00f3n<\/a><\/li>\n<li><strong>Publicacions i dades en obert PCI 2021:<\/strong>\n<ul>\n<li style=\"text-align: justify\"><a href=\"https:\/\/biblioteca.umh.es\/files\/2022\/07\/Normativa-PCI2021.pdf\">Normativa publicaciones y datos PCI 2021<\/a><\/li>\n<li style=\"text-align: justify\"><a href=\"https:\/\/www.aei.gob.es\/ayudas-concedidas\/comunicacion-publicidad-ayudas-concedidas\">Instrucciones de ayudas PCI 2022<\/a><\/li>\n<\/ul>\n<\/li>\n<\/ul>\n<h3>&nbsp;<\/h3>\n<h3>Relacionado&#8230;<\/h3>\n<ul>\n<li><a href=\"https:\/\/biblioteca.umh.es\/files\/2023\/01\/Guia-DOI.pdf\">DOI (Digital Object Identifier)<\/a><\/li>\n<\/ul>\n<ul>\n<li style=\"list-style-type: none\">&nbsp;<\/li>\n<\/ul>\n<p><\/p>","protected":false},"excerpt":{"rendered":"<p>Acords Transformatius<br \/>\nAcc\u00e9s obert<\/p>\n<p>Setmana Internacional de l&#8217;Acc\u00e9s Obert 2024&nbsp; &nbsp;<br \/>\nResol el teu dubte sobre acc\u00e9s obert<\/p>\n<p>Eines per al desenvolupament de la investigaci\u00f3 cient\u00edfica:<\/p>\n<p>Gu\u00eda de apoyo para la gesti\u00f3n y difusi\u00f3n de los datos de investigaci\u00f3n<br \/>\nC\u00f3mo elaborar un Plan de Gesti\u00f3n de Datos (PGD)<\/p>\n<p>Difusi\u00f3n en acceso abierto de los resultados de la investigaci\u00f3n<br \/>\nPublicacions i dades en obert [&#8230;]<\/p>\n","protected":false},"author":3622,"featured_media":0,"parent":827,"menu_order":5,"comment_status":"closed","ping_status":"closed","template":"","meta":{"ngg_post_thumbnail":0,"_links_to":"","_links_to_target":""},"_links":{"self":[{"href":"https:\/\/biblioteca.umh.es\/ca\/wp-json\/wp\/v2\/pages\/11372"}],"collection":[{"href":"https:\/\/biblioteca.umh.es\/ca\/wp-json\/wp\/v2\/pages"}],"about":[{"href":"https:\/\/biblioteca.umh.es\/ca\/wp-json\/wp\/v2\/types\/page"}],"author":[{"embeddable":true,"href":"https:\/\/biblioteca.umh.es\/ca\/wp-json\/wp\/v2\/users\/3622"}],"replies":[{"embeddable":true,"href":"https:\/\/biblioteca.umh.es\/ca\/wp-json\/wp\/v2\/comments?post=11372"}],"version-history":[{"count":0,"href":"https:\/\/biblioteca.umh.es\/ca\/wp-json\/wp\/v2\/pages\/11372\/revisions"}],"up":[{"embeddable":true,"href":"https:\/\/biblioteca.umh.es\/ca\/wp-json\/wp\/v2\/pages\/827"}],"wp:attachment":[{"href":"https:\/\/biblioteca.umh.es\/ca\/wp-json\/wp\/v2\/media?parent=11372"}],"curies":[{"name":"wp","href":"https:\/\/api.w.org\/{rel}","templated":true}]}}