{"id":10875,"date":"2022-12-21T12:03:02","date_gmt":"2022-12-21T11:03:02","guid":{"rendered":"https:\/\/biblioteca.umh.es\/?page_id=10875"},"modified":"2023-01-18T16:00:25","modified_gmt":"2023-01-18T15:00:25","slug":"accede-por-dama","status":"publish","type":"page","link":"https:\/\/biblioteca.umh.es\/ca\/busca-informacion\/accede-por-dama\/","title":{"rendered":"Accedeix per Dama"},"content":{"rendered":"<p><\/p>\n<p style=\"text-align: justify\"><strong><a href=\"https:\/\/dama.umh.es\/discovery\/search?vid=34CVA_UMH:VU1&amp;lang=ca\"><img loading=\"lazy\" class=\"alignleft wp-image-12238\" src=\"https:\/\/biblioteca.umh.es\/files\/2022\/12\/CataVALdama-300x240.png\" alt=\"\" width=\"220\" height=\"176\" srcset=\"https:\/\/biblioteca.umh.es\/files\/2022\/12\/CataVALdama-300x240.png 300w, https:\/\/biblioteca.umh.es\/files\/2022\/12\/CataVALdama.png 638w\" sizes=\"(max-width: 220px) 100vw, 220px\" \/><\/a><a href=\"https:\/\/dama.umh.es\/discovery\/search?vid=34CVA_UMH:VU1\">DAMA<\/a><\/strong> \u00e9s el cat\u00e0leg de recursos d&#8217;informaci\u00f3 i documentaci\u00f3 de la Biblioteca de la Universidat Miguel Hern\u00e1ndez d&#8217;Elx. Es trata d&#8217;una eina de cerca que integra tots els recursos de la biblioteca, tant f\u00edsics com electr\u00f2nics, proporcionant un acc\u00e9s centralitzat y personalitzat a tots ells a trav\u00e9s d&#8217;una \u00fanica y senzilla cerca.<\/p>\n<p style=\"text-align: justify\">A trav\u00e9s de la seua consulta podr\u00e0s localitzar llibres, revistes, articles, cap\u00edtols a text complet, treballs acad\u00e8mics, tesis doctorals y molt m\u00e9s&#8230;<\/p>\n<p><\/p>","protected":false},"excerpt":{"rendered":"<p>DAMA \u00e9s el cat\u00e0leg de recursos d&#8217;informaci\u00f3 i documentaci\u00f3 de la Biblioteca de la Universidat Miguel Hern\u00e1ndez d&#8217;Elx. Es trata d&#8217;una eina de cerca que integra tots els recursos de la biblioteca, tant f\u00edsics com electr\u00f2nics, proporcionant un acc\u00e9s centralitzat y personalitzat a tots ells a trav\u00e9s d&#8217;una \u00fanica y senzilla cerca.<br \/>\nA trav\u00e9s de la [&#8230;]<\/p>\n","protected":false},"author":6155,"featured_media":0,"parent":11650,"menu_order":2,"comment_status":"closed","ping_status":"closed","template":"","meta":{"ngg_post_thumbnail":0,"_links_to":"","_links_to_target":""},"_links":{"self":[{"href":"https:\/\/biblioteca.umh.es\/ca\/wp-json\/wp\/v2\/pages\/10875"}],"collection":[{"href":"https:\/\/biblioteca.umh.es\/ca\/wp-json\/wp\/v2\/pages"}],"about":[{"href":"https:\/\/biblioteca.umh.es\/ca\/wp-json\/wp\/v2\/types\/page"}],"author":[{"embeddable":true,"href":"https:\/\/biblioteca.umh.es\/ca\/wp-json\/wp\/v2\/users\/6155"}],"replies":[{"embeddable":true,"href":"https:\/\/biblioteca.umh.es\/ca\/wp-json\/wp\/v2\/comments?post=10875"}],"version-history":[{"count":0,"href":"https:\/\/biblioteca.umh.es\/ca\/wp-json\/wp\/v2\/pages\/10875\/revisions"}],"up":[{"embeddable":true,"href":"https:\/\/biblioteca.umh.es\/ca\/wp-json\/wp\/v2\/pages\/11650"}],"wp:attachment":[{"href":"https:\/\/biblioteca.umh.es\/ca\/wp-json\/wp\/v2\/media?parent=10875"}],"curies":[{"name":"wp","href":"https:\/\/api.w.org\/{rel}","templated":true}]}}