{"id":107,"date":"2009-09-10T10:04:48","date_gmt":"2009-09-10T10:04:48","guid":{"rendered":"http:\/\/biblioteca.zeus.umh.es\/?page_id=48"},"modified":"2023-01-23T17:08:05","modified_gmt":"2023-01-23T16:08:05","slug":"prestamo-intercampus","status":"publish","type":"page","link":"https:\/\/biblioteca.umh.es\/ca\/servicios\/prestamo-2\/prestamo-intercampus\/","title":{"rendered":"Pr\u00e9stec intercampus"},"content":{"rendered":"<p><\/p>\n<p style=\"text-align: justify\">El servei de pr\u00e9stec de la Biblioteca de la Universitat Miguel Hern\u00e0ndez es complementa amb un servei de pr\u00e9stec entre els diferents campus, obert als membres de la Comunitat Universit\u00e0ria, amb dues variants:<\/p>\n<h2 style=\"text-align: justify\">Pr\u00e9stec de llibres entre les diferents biblioteques<\/h2>\n<p style=\"text-align: justify\">Assegura als nostres usuaris el pr\u00e9stec i la devoluci\u00f3 dels fons bibliogr\u00e0fics i documentals que pertanyen a la UMH, independentment de la ubicaci\u00f3 del document i de l&#8217;usuari, des de qualsevol dels punts de servei bibliotecari. Aquest pr\u00e9stec no podr\u00e0 ser efectiu amb car\u00e0cter immediat, perqu\u00e8 estar\u00e0 subjecte al transport dels mateixos entre els dos centres.<\/p>\n<p style=\"text-align: justify\">Per a utilitzar aquest servei, bastar\u00e0 sol\u00b7licitar-lo en qualsevol dels taulells de biblioteca, indicant l&#8217;obra que es necessita amb la refer\u00e8ncia (signatura topogr\u00e0fica) del cat\u00e0leg. Aquest pr\u00e9stec queda subjecte a la mateixa Normativa que el pr\u00e9stec normal, present com a Annex del Reglament de la Biblioteca, quedant expressament exclosos del mateix els t\u00edtols que es troben disponibles en el centre on es realitza la petici\u00f3.<\/p>\n<h2 style=\"text-align: justify\">Art\u00edcles de revistes no disponibles en format electr\u00f2nic<\/h2>\n<p style=\"text-align: justify\">A trav\u00e9s d&#8217;aquest servei els membres de la Comunitat Universit\u00e0ria poden sol\u00b7licitar c\u00f2pies d&#8217;articles de revistes situades en qualsevol Biblioteca de la UMH, sense necessitat de despla\u00e7ar-se, amb excepci\u00f3 d&#8217;aquelles revistes que compten amb acc\u00e9s electr\u00f2nic o es troben en suport paper en la seua pr\u00f2pia biblioteca de Campus.<\/p>\n<p style=\"text-align: justify\">Les sol\u00b7licituds de Pr\u00e9stec Intercampus es realitzaran mitjan\u00e7ant l&#8217;enviament d&#8217;un <a href=\"https:\/\/biblioteca.umh.es\/ca\/presentacion\/informacion-general\/localizacion\/\">correu electr\u00f2nic<\/a> a la biblioteca on es trobe l&#8217;article d&#8217;inter\u00e9s per a l&#8217;usuari.&nbsp;<\/p>\n<p style=\"text-align: justify\">Heu de recordar que:<\/p>\n<ul style=\"text-align: justify\">\n<li>\u00danicament es poden sol\u00b7licitar c\u00f2pies d&#8217;articles de revistes que no es troben a la Biblioteca a la qual pertany l&#8217;usuari.<\/li>\n<li>Els materials obtinguts a trav\u00e9s d&#8217;aquest Servei nom\u00e9s podran ser utilitzats per a \u00fas privat, docent o d&#8217;investigaci\u00f3.<\/li>\n<li>La reproducci\u00f3 i l&#8217;\u00fas de les reproduccions es faran d&#8217;acord amb la legislaci\u00f3 vigent sobre propietat intel\u00b7lectual i amb els acords internacionals<\/li>\n<\/ul>\n<p style=\"text-align: justify\">Aquests dos serveis s\u00f3n gratu\u00efts per a tots els usuaris de la UMH, i no s\u00b4han de confondre amb el de Pr\u00e9stec Interbibliotecari, que ens permet accedir a llibres i documents presents en altres biblioteques del m\u00f3n.<\/p>\n<h2 style=\"text-align: justify\">Per a saber m\u00e9s&#8230;&nbsp;<\/h2>\n<ul style=\"text-align: justify\">\n<li><a href=\"https:\/\/biblioteca.umh.es\/files\/2009\/09\/NOT.-MODIFICACION-DEL-REGLAMENTO-DE-REGIMEN-INTERNO-DE-LA-BIBLIOTECA.pdf\">Normativa del Servei de Pr\u00e9stec<\/a><\/li>\n<\/ul>\n<h2 style=\"text-align: justify\">Relacionats&#8230;<\/h2>\n<ul>\n<li style=\"text-align: justify\"><a href=\"https:\/\/biblioteca.umh.es\/ca\/prestamo\/\">Pr\u00e9stec a domicili<\/a><\/li>\n<li><a href=\"https:\/\/biblioteca.umh.es\/ca\/prestamo-2\/prestamo-de-portatiles\/\">Pr\u00e9stec de port\u00e0tils<\/a> (per estudiants UMH)<\/li>\n<li><a href=\"https:\/\/biblioteca.umh.es\/ca\/servicios-al-investigador\/prestamo-interbibliotecario\/\">Pr\u00e9stec interbibliotecari<\/a><\/li>\n<li><a href=\"https:\/\/biblioteca.umh.es\/ca\/prestamo-2\/prestamo-consorciado-valenciano-buval\/\">Pr\u00e9stec BUVAL<\/a> (Bibliotecques Universit\u00e0ries Valencianes)<\/li>\n<li><a href=\"https:\/\/biblioteca.umh.es\/ca\/prestamo-2\/prestamo-e-book\/\">Pr\u00e9stec e-book<\/a><\/li>\n<li><a href=\"https:\/\/biblioteca.umh.es\/ca\/prestamo-2\/prestamo-a-alumni\/\">Pr\u00e9stec alumni<\/a> (antics alumnes UMH)<\/li>\n<\/ul>\n<p><\/p>","protected":false},"excerpt":{"rendered":"<p>El servei de pr\u00e9stec de la Biblioteca de la Universitat Miguel Hern\u00e0ndez es complementa amb un servei de pr\u00e9stec entre els diferents campus, obert als membres de la Comunitat Universit\u00e0ria, amb dues variants:<br \/>\nPr\u00e9stec de llibres entre les diferents biblioteques<br \/>\nAssegura als nostres usuaris el pr\u00e9stec i la devoluci\u00f3 dels fons bibliogr\u00e0fics i documentals que pertanyen a [&#8230;]<\/p>\n","protected":false},"author":1,"featured_media":0,"parent":2168,"menu_order":2,"comment_status":"closed","ping_status":"closed","template":"","meta":{"ngg_post_thumbnail":0,"_links_to":"","_links_to_target":""},"_links":{"self":[{"href":"https:\/\/biblioteca.umh.es\/ca\/wp-json\/wp\/v2\/pages\/107"}],"collection":[{"href":"https:\/\/biblioteca.umh.es\/ca\/wp-json\/wp\/v2\/pages"}],"about":[{"href":"https:\/\/biblioteca.umh.es\/ca\/wp-json\/wp\/v2\/types\/page"}],"author":[{"embeddable":true,"href":"https:\/\/biblioteca.umh.es\/ca\/wp-json\/wp\/v2\/users\/1"}],"replies":[{"embeddable":true,"href":"https:\/\/biblioteca.umh.es\/ca\/wp-json\/wp\/v2\/comments?post=107"}],"version-history":[{"count":0,"href":"https:\/\/biblioteca.umh.es\/ca\/wp-json\/wp\/v2\/pages\/107\/revisions"}],"up":[{"embeddable":true,"href":"https:\/\/biblioteca.umh.es\/ca\/wp-json\/wp\/v2\/pages\/2168"}],"wp:attachment":[{"href":"https:\/\/biblioteca.umh.es\/ca\/wp-json\/wp\/v2\/media?parent=107"}],"curies":[{"name":"wp","href":"https:\/\/api.w.org\/{rel}","templated":true}]}}