{"id":105,"date":"2009-09-10T09:31:03","date_gmt":"2009-09-10T09:31:03","guid":{"rendered":"http:\/\/biblioteca.zeus.umh.es\/?page_id=43"},"modified":"2025-02-21T14:56:03","modified_gmt":"2025-02-21T13:56:03","slug":"normativa","status":"publish","type":"page","link":"https:\/\/biblioteca.umh.es\/ca\/presentacion\/normativa\/","title":{"rendered":"Normativa de Pr\u00e9stec"},"content":{"rendered":"<p><\/p>\n<p style=\"text-align: justify\">Per a la prestaci\u00f3 dels seus serveis, la Biblioteca de la Universitat Miguel Hern\u00e1ndez d&#8217;Elx es basa en el <a href=\"https:\/\/boumh.umh.es\/files\/2009\/07\/3509_REGLAMENTO-BIBLIOTECA.pdf\">Reglament de la Biblioteca<\/a>, aprovat pel Consell de govern de 27 de juliol de 2009. Aquest reglament presenta una estructura amb un cos principal i una s\u00e8rie d&#8217;annexos que desenvolupen la normativa sobre aspectes concrets, com el pr\u00e9stec, les mesures correctores davant l&#8217;incompliment del reglament o el funcionament de la Comissi\u00f3 de Biblioteques.<\/p>\n<p style=\"text-align: justify\">El Reglament ha pret\u00e8s conjuminar la tradici\u00f3 reglament\u00e0ria de les biblioteques universit\u00e0ries amb el funcionament de la biblioteca com a Centre de Recursos per a l&#8217;Aprenentatge, la Recerca i el desenvolupament de nous serveis.<\/p>\n<p style=\"text-align: justify\">A m\u00e9s d&#8217;aquest reglament, la biblioteca compta amb instruccions particulars per al funcionament de serveis que s&#8217;estableixen de forma provisional, o que afecten \u00fanicament a un dels seus centres.&nbsp;<\/p>\n<h3>&nbsp;Per a con\u00e9ixer m\u00e9s&#8230;<\/h3>\n<ul>\n<li><a title=\"Estatutos de la UMH\" href=\"https:\/\/secretariageneral.umh.es\/files\/2011\/10\/ESTATUTOS-UMH.pdf\" target=\"_blank\" rel=\"noopener noreferrer\">Estatuts de la Universitat Miguel Hern\u00e0ndez<\/a><\/li>\n<li><a href=\"https:\/\/biblioteca.umh.es\/files\/2025\/02\/BOE-A-2012-9328.pdf\" target=\"_blank\" rel=\"noopener\">Modificaci\u00f3 dels Estatuts de la Universitat Miguel Hern\u00e1ndez<\/a><\/li>\n<li><a href=\"https:\/\/biblioteca.umh.es\/files\/2014\/05\/Modificaci\u00f3n-Regimen-Interno-Biblioteca.pdf\">Normativa de Pr\u00e9stec (modificaci\u00f3 01\/12\/2011)<\/a><\/li>\n<li><a href=\"https:\/\/biblioteca.umh.es\/files\/2009\/09\/NOT.-MODIFICACION-DEL-REGLAMENTO-DE-REGIMEN-INTERNO-DE-LA-BIBLIOTECA.pdf\">Normativa de Pr\u00e9stec (modificaci\u00f3 22\/07\/2013)<\/a><\/li>\n<\/ul>\n<h3>Relacionats&#8230;<\/h3>\n<ul>\n<li><a href=\"http:\/\/travesia.mcu.es\/portalnb\/jspui\/handle\/10421\/103\">Legislaci\u00f3 Nacional i Auton\u00f2mica sobre Biblioteques<\/a><\/li>\n<\/ul>\n<p><\/p>","protected":false},"excerpt":{"rendered":"<p>Per a la prestaci\u00f3 dels seus serveis, la Biblioteca de la Universitat Miguel Hern\u00e1ndez d&#8217;Elx es basa en el Reglament de la Biblioteca, aprovat pel Consell de govern de 27 de juliol de 2009. Aquest reglament presenta una estructura amb un cos principal i una s\u00e8rie d&#8217;annexos que desenvolupen la normativa sobre aspectes concrets, com [&#8230;]<\/p>\n","protected":false},"author":1,"featured_media":0,"parent":357,"menu_order":6,"comment_status":"closed","ping_status":"closed","template":"","meta":{"ngg_post_thumbnail":0,"_links_to":"","_links_to_target":""},"_links":{"self":[{"href":"https:\/\/biblioteca.umh.es\/ca\/wp-json\/wp\/v2\/pages\/105"}],"collection":[{"href":"https:\/\/biblioteca.umh.es\/ca\/wp-json\/wp\/v2\/pages"}],"about":[{"href":"https:\/\/biblioteca.umh.es\/ca\/wp-json\/wp\/v2\/types\/page"}],"author":[{"embeddable":true,"href":"https:\/\/biblioteca.umh.es\/ca\/wp-json\/wp\/v2\/users\/1"}],"replies":[{"embeddable":true,"href":"https:\/\/biblioteca.umh.es\/ca\/wp-json\/wp\/v2\/comments?post=105"}],"version-history":[{"count":0,"href":"https:\/\/biblioteca.umh.es\/ca\/wp-json\/wp\/v2\/pages\/105\/revisions"}],"up":[{"embeddable":true,"href":"https:\/\/biblioteca.umh.es\/ca\/wp-json\/wp\/v2\/pages\/357"}],"wp:attachment":[{"href":"https:\/\/biblioteca.umh.es\/ca\/wp-json\/wp\/v2\/media?parent=105"}],"curies":[{"name":"wp","href":"https:\/\/api.w.org\/{rel}","templated":true}]}}