{"id":1015,"date":"2016-02-02T10:09:33","date_gmt":"2016-02-02T09:09:33","guid":{"rendered":"http:\/\/biblioteca.umh.es\/?page_id=1015"},"modified":"2023-05-08T14:34:08","modified_gmt":"2023-05-08T12:34:08","slug":"usuarios-tarjeta-extensatarjeta-sollidaria","status":"publish","type":"page","link":"https:\/\/biblioteca.umh.es\/ca\/presentacion\/carnet\/usuarios-tarjeta-extensatarjeta-sollidaria\/","title":{"rendered":"Targeta extensa"},"content":{"rendered":"<p>Des de gener de 2020 als usuaris amb perfil de&nbsp;<strong><em>Targeta extensa<\/em><\/strong> se&#8217;ls dona d&#8217;alta en els propis serveis que vagen a utilitzar, en el nostre cas, la Biblioteca, per a pr\u00e9stec de llibres i amb les mateixes caracter\u00edstiques del Grup 4 (vegeu <a href=\"https:\/\/biblioteca.umh.es\/files\/2009\/09\/NOT.-MODIFICACION-DEL-REGLAMENTO-DE-REGIMEN-INTERNO-DE-LA-BIBLIOTECA.pdf\">Normativa del Servei de Pr\u00e9stec)<\/a>. Una vegada hages realitzat el pagament de la <a href=\"https:\/\/universite.umh.es\/recibos\/\">taxa<\/a> corresponent haur\u00e0s d\u00b4entregar a la biblioteca una c\u00f2pia del justificant de pagament i del teu DNI perqu\u00e8 et puguem donar d&#8217;alta en el nostre programa de gesti\u00f3 bibliotec\u00e0ria. Podr\u00e0s utilitzar el teu DNI com a targeta per a portar-te els llibres en pr\u00e9stec.<\/p>\n<p>&nbsp; &nbsp; &nbsp; &nbsp; &nbsp; &nbsp; &nbsp; &nbsp;<a href=\"https:\/\/boumh.umh.es\/files\/2013\/07\/6668_MOD-NORMAT-TARJETA-UMH-EXTENSA.pdf\"><img loading=\"lazy\" class=\"alignnone wp-image-8212 size-full\" src=\"https:\/\/biblioteca.umh.es\/files\/2021\/12\/Targeta_ext.png\" alt=\"\" width=\"275\" height=\"135\"><\/a>&nbsp; &nbsp; &nbsp; &nbsp; &nbsp; &nbsp; &nbsp; &nbsp; &nbsp; &nbsp;&nbsp;<\/p>\n<p>&nbsp;<\/p>\n<p>&nbsp;<\/p>\n<p>&nbsp;<\/p>\n<p>&nbsp;<\/p>\n<p>&nbsp;<\/p>","protected":false},"excerpt":{"rendered":"<p>Des de gener de 2020 als usuaris amb perfil de&nbsp;Targeta extensa se&#8217;ls dona d&#8217;alta en els propis serveis que vagen a utilitzar, en el nostre cas, la Biblioteca, per a pr\u00e9stec de llibres i amb les mateixes caracter\u00edstiques del Grup 4 (vegeu Normativa del Servei de Pr\u00e9stec). Una vegada hages realitzat el pagament de la [&#8230;]<\/p>\n","protected":false},"author":3622,"featured_media":0,"parent":2576,"menu_order":2,"comment_status":"closed","ping_status":"open","template":"","meta":{"ngg_post_thumbnail":0,"_links_to":"","_links_to_target":""},"_links":{"self":[{"href":"https:\/\/biblioteca.umh.es\/ca\/wp-json\/wp\/v2\/pages\/1015"}],"collection":[{"href":"https:\/\/biblioteca.umh.es\/ca\/wp-json\/wp\/v2\/pages"}],"about":[{"href":"https:\/\/biblioteca.umh.es\/ca\/wp-json\/wp\/v2\/types\/page"}],"author":[{"embeddable":true,"href":"https:\/\/biblioteca.umh.es\/ca\/wp-json\/wp\/v2\/users\/3622"}],"replies":[{"embeddable":true,"href":"https:\/\/biblioteca.umh.es\/ca\/wp-json\/wp\/v2\/comments?post=1015"}],"version-history":[{"count":0,"href":"https:\/\/biblioteca.umh.es\/ca\/wp-json\/wp\/v2\/pages\/1015\/revisions"}],"up":[{"embeddable":true,"href":"https:\/\/biblioteca.umh.es\/ca\/wp-json\/wp\/v2\/pages\/2576"}],"wp:attachment":[{"href":"https:\/\/biblioteca.umh.es\/ca\/wp-json\/wp\/v2\/media?parent=1015"}],"curies":[{"name":"wp","href":"https:\/\/api.w.org\/{rel}","templated":true}]}}