{"id":101,"date":"2009-09-10T09:29:01","date_gmt":"2009-09-10T09:29:01","guid":{"rendered":"http:\/\/biblioteca.zeus.umh.es\/?page_id=39"},"modified":"2023-03-21T18:30:20","modified_gmt":"2023-03-21T17:30:20","slug":"colecciones","status":"publish","type":"page","link":"https:\/\/biblioteca.umh.es\/ca\/servicios-2\/colecciones\/","title":{"rendered":"Accedeix a les col\u00b7leccions"},"content":{"rendered":"<p><\/p>\n<p style=\"text-align: justify\">La Biblioteca de la UMH t\u00e9 encomanada la gesti\u00f3 dels fons bibliogr\u00e0fics de la Universitat, independentment de la seua proced\u00e8ncia, aix\u00ed com el desenvolupament de les col\u00b7leccions, d&#8217;acord amb les l\u00ednies d&#8217;estudi, doc\u00e8ncia i investigaci\u00f3 que mantinga la Universitat. Per a aix\u00f2, compta amb una col\u00b7lecci\u00f3 caracteritzada per la seua diversitat, accessibilitat i adaptaci\u00f3 a les necessitats de la Comunitat Universit\u00e0ria, que participa de manera directa en la seua formaci\u00f3.<\/p>\n<p style=\"text-align: justify\">Per a assegurar l&#8217;acc\u00e9s general a la col\u00b7lecci\u00f3, s&#8217;ha optat per donar prefer\u00e8ncia als recursos electr\u00f2nics, especialment revistes i publicacions seriades, per\u00f2 sense descurar la col\u00b7lecci\u00f3 en suport paper, comptant en l&#8217;actualitat amb una col\u00b7lecci\u00f3 de m\u00e9s de 170.000 monografies, de les quals una tercera part correspon a llibres electr\u00f2nics, m\u00e9s 8.500 t\u00edtols de revistes rebudes, permetent a m\u00e9s l&#8217;acc\u00e9s en l\u00ednia de prop de 25.000 t\u00edtols.<\/p>\n<p style=\"text-align: justify\">Els nostres usuaris participen en la creaci\u00f3 d&#8217;aquesta col\u00b7lecci\u00f3 a trav\u00e9s del procediment d&#8217;adquisici\u00f3 de bibliografia recomanada, l&#8217;adquisici\u00f3 de fons espec\u00edfic de treball i investigaci\u00f3 i les desiderates, o peticions d&#8217;adquisici\u00f3 de compra.<\/p>\n<p style=\"text-align: justify\">Per a accedir a la col\u00b7lecci\u00f3 comptem amb dues formes d&#8217;acc\u00e9s, a trav\u00e9s del nostre cat\u00e0leg <a href=\"https:\/\/dama.umh.es\/discovery\/search?vid=34CVA_UMH:VU1\">DAMA<\/a> (permet realitzar cerques en totes les col\u00b7leccions i accedir, tant als recursos f\u00edsics, com a electr\u00f2nics) i des de les pr\u00f2pies <a href=\"https:\/\/biblioteca.umh.es\/ca\/?page_id=11228&amp;preview=true\">plataformes d&#8217;editors<\/a>.&nbsp;<\/p>\n<p style=\"text-align: justify\">Tamb\u00e9 es poden realitzar cerques a trav\u00e9s de cat\u00e0legs espec\u00edfics, com s\u00f3n:<\/p>\n<table border=\"0\" summary=\"Colecciones\">\n<thead>\n<tr>\n<th>Si necessites&#8230;<\/th>\n<th>Cerca en&#8230;<\/th>\n<\/tr>\n<\/thead>\n<tbody>\n<tr>\n<td>Articles de revistes<\/td>\n<td>\n<ul>\n<li><a href=\"http:\/\/publicaciones.umh.es:8080\/login?url=http:\/\/search.ebscohost.com\/login.aspx?profile=pfi\">Revistes-e<\/a><\/li>\n<li><a href=\"https:\/\/publicaciones.umh.es\/public\/index.htm\">Bases de dades<\/a><\/li>\n<li><a href=\"http:\/\/dialnet.unirioja.es\">Dialnet plus<\/a><\/li>\n<\/ul>\n<\/td>\n<\/tr>\n<tr>\n<td>Bases de dades<\/td>\n<td>\n<ul>\n<li><a href=\"http:\/\/publicaciones.umh.es\/\">Bases de dades<\/a><\/li>\n<\/ul>\n<\/td>\n<\/tr>\n<tr>\n<td>Congressos<\/td>\n<td>\n<ul>\n<li><a href=\"https:\/\/dama.umh.es\/discovery\/search?vid=34CVA_UMH:VU1\">Cat\u00e0leg de la Biblioteca<\/a>&nbsp;<\/li>\n<\/ul>\n<\/td>\n<\/tr>\n<tr>\n<td>Obres de refer\u00e8ncia<\/td>\n<td>\n<ul>\n<li><a href=\"https:\/\/dama.umh.es\/discovery\/search?vid=34CVA_UMH:VU1\">Cat\u00e0leg de la Biblioteca<\/a><\/li>\n<li><a href=\"https:\/\/publicaciones.umh.es\/public\/index.htm\">Bases de dades<\/a><\/li>\n<\/ul>\n<\/td>\n<\/tr>\n<tr>\n<td>Llibres<\/td>\n<td>\n<ul>\n<li><a href=\"https:\/\/dama.umh.es\/discovery\/search?vid=34CVA_UMH:VU1\">Cat\u00e0leg de la Biblioteca<\/a><\/li>\n<li><a href=\"http:\/\/dialnet.unirioja.es\">Dialnet plus<\/a><\/li>\n<\/ul>\n<\/td>\n<\/tr>\n<tr>\n<td>Llibres electr\u00f2nics<\/td>\n<td>\n<ul>\n<li><a href=\"https:\/\/dama.umh.es\/discovery\/search?vid=34CVA_UMH:VU1\">Cat\u00e0leg de la Biblioteca<\/a><\/li>\n<li><a href=\"https:\/\/publicaciones.umh.es\/public\/index.htm#3\">Llibres-e<\/a><\/li>\n<li><a href=\"http:\/\/dialnet.unirioja.es\">Dialnet plus<\/a><\/li>\n<\/ul>\n<\/td>\n<\/tr>\n<tr>\n<td>Mapes i plans<\/td>\n<td>\n<ul>\n<li><a href=\"https:\/\/dama.umh.es\/discovery\/search?vid=34CVA_UMH:VU1\">Cat\u00e0leg de la Biblioteca<\/a><\/li>\n<\/ul>\n<\/td>\n<\/tr>\n<tr>\n<td>Revistes electr\u00f2niques<\/td>\n<td>\n<ul>\n<li><a href=\"https:\/\/dama.umh.es\/discovery\/search?vid=34CVA_UMH:VU1\">Cat\u00e0leg de la Biblioteca<\/a><\/li>\n<li><a href=\"http:\/\/publicaciones.umh.es:8080\/login?url=http:\/\/search.ebscohost.com\/login.aspx?profile=pfi\">Revistes-e<\/a><\/li>\n<li><a href=\"https:\/\/dialnet.unirioja.es\/revistas\">Dialnet plus<\/a><\/li>\n<\/ul>\n<\/td>\n<\/tr>\n<tr>\n<td>Revistes impreses<\/td>\n<td>\n<ul>\n<li><a href=\"https:\/\/dama.umh.es\/discovery\/search?vid=34CVA_UMH:VU1\">Cat\u00e0leg de la Biblioteca<\/a><\/li>\n<\/ul>\n<\/td>\n<\/tr>\n<tr>\n<td>Tesis doctorals llegides en la Universitat Miguel Hern\u00e1ndez<\/td>\n<td>\n<ul>\n<li><a href=\"https:\/\/dama.umh.es\/discovery\/search?vid=34CVA_UMH:VU1\">Cat\u00e0leg de la Biblioteca<\/a><\/li>\n<li><a href=\"http:\/\/dspace.umh.es\/\">RediUMH<\/a><\/li>\n<li><a href=\"https:\/\/dialnet.unirioja.es\/institucion\/416\/tesis\">Dialnet plus<\/a><\/li>\n<\/ul>\n<\/td>\n<\/tr>\n<tr>\n<td>Treballs fi de carrera i tesines llegides en la Universitat Miguel Hern\u00e1ndez<\/p>\n<p>Treballs Fi de Grau (TFG) i Treballs Fi de M\u00e0ster (TFM)<\/td>\n<td>\n<ul>\n<li><a href=\"https:\/\/dama.umh.es\/discovery\/search?vid=34CVA_UMH:VU1\">Cat\u00e0leg de la Biblioteca<\/a><\/li>\n<li><a href=\"http:\/\/dspace.umh.es\/\">RediUMH<\/a><\/li>\n<\/ul>\n<\/td>\n<\/tr>\n<tr>\n<td>Tesis Doctorals llegides en altres Universitats<\/td>\n<td>\n<ul>\n<li><a href=\"https:\/\/rebiun.baratz.es\/rebiun\/\" target=\"_blank\" rel=\"noopener noreferrer\">Cat\u00e0leg Rebiun<\/a><\/li>\n<li><a href=\"https:\/\/www.educacion.gob.es\/teseo\/irGestionarConsulta.do\" target=\"_blank\" rel=\"noopener noreferrer\">TESEO<\/a><\/li>\n<li><a href=\"http:\/\/www.tdx.cat\/\">TDR<\/a><\/li>\n<li><a href=\"https:\/\/dialnet.unirioja.es\/tesis\">Dialnet plus<\/a><\/li>\n<\/ul>\n<\/td>\n<\/tr>\n<tr>\n<td>V\u00eddeos i DVDs<\/td>\n<td>\n<ul>\n<li><a href=\"https:\/\/rebiun.baratz.es\/rebiun\/\">Cat\u00e0leg Rebiun<\/a><\/li>\n<\/ul>\n<\/td>\n<\/tr>\n<\/tbody>\n<\/table>\n<h2>Relacionats&#8230;<\/h2>\n<ul>\n<li><a href=\"http:\/\/rebiun.baratz.es\/rebiun\/\">Cat\u00e0leg de la Xarxa de Biblioteques Universit\u00e0ries Rebiun<\/a><\/li>\n<\/ul>\n<p><\/p>","protected":false},"excerpt":{"rendered":"<p>La Biblioteca de la UMH t\u00e9 encomanada la gesti\u00f3 dels fons bibliogr\u00e0fics de la Universitat, independentment de la seua proced\u00e8ncia, aix\u00ed com el desenvolupament de les col\u00b7leccions, d&#8217;acord amb les l\u00ednies d&#8217;estudi, doc\u00e8ncia i investigaci\u00f3 que mantinga la Universitat. Per a aix\u00f2, compta amb una col\u00b7lecci\u00f3 caracteritzada per la seua diversitat, accessibilitat i adaptaci\u00f3 a [&#8230;]<\/p>\n","protected":false},"author":1,"featured_media":0,"parent":1030,"menu_order":8,"comment_status":"closed","ping_status":"closed","template":"","meta":{"ngg_post_thumbnail":0,"_links_to":"","_links_to_target":""},"_links":{"self":[{"href":"https:\/\/biblioteca.umh.es\/ca\/wp-json\/wp\/v2\/pages\/101"}],"collection":[{"href":"https:\/\/biblioteca.umh.es\/ca\/wp-json\/wp\/v2\/pages"}],"about":[{"href":"https:\/\/biblioteca.umh.es\/ca\/wp-json\/wp\/v2\/types\/page"}],"author":[{"embeddable":true,"href":"https:\/\/biblioteca.umh.es\/ca\/wp-json\/wp\/v2\/users\/1"}],"replies":[{"embeddable":true,"href":"https:\/\/biblioteca.umh.es\/ca\/wp-json\/wp\/v2\/comments?post=101"}],"version-history":[{"count":0,"href":"https:\/\/biblioteca.umh.es\/ca\/wp-json\/wp\/v2\/pages\/101\/revisions"}],"up":[{"embeddable":true,"href":"https:\/\/biblioteca.umh.es\/ca\/wp-json\/wp\/v2\/pages\/1030"}],"wp:attachment":[{"href":"https:\/\/biblioteca.umh.es\/ca\/wp-json\/wp\/v2\/media?parent=101"}],"curies":[{"name":"wp","href":"https:\/\/api.w.org\/{rel}","templated":true}]}}